{"id":242,"date":"2023-08-21T16:11:02","date_gmt":"2023-08-21T16:11:02","guid":{"rendered":"https:\/\/ads-improvement.com\/?page_id=242"},"modified":"2023-08-21T17:26:48","modified_gmt":"2023-08-21T17:26:48","slug":"colibri-242","status":"publish","type":"page","link":"https:\/\/ads-improvement.com\/index.php\/colibri-242\/","title":{"rendered":"Colibri #242"},"content":{"rendered":"<div data-colibri-id=\"242-c1\" class=\"style-351 style-local-242-c1 position-relative\">\n  <!---->\n  <div data-colibri-component=\"section\" data-colibri-id=\"242-c2\" id=\"custom\" class=\"h-section h-section-global-spacing d-flex align-items-lg-center align-items-md-center align-items-center style-405 style-local-242-c2 position-relative\">\n    <!---->\n    <!---->\n    <div class=\"h-section-grid-container h-section-boxed-container\">\n      <!---->\n      <div data-colibri-id=\"242-c5\" class=\"h-row-container gutters-row-lg-2 gutters-row-md-2 gutters-row-0 gutters-row-v-lg-2 gutters-row-v-md-2 gutters-row-v-2 style-408 style-local-242-c5 position-relative\">\n        <!---->\n        <div class=\"h-row justify-content-lg-center justify-content-md-center justify-content-center align-items-lg-stretch align-items-md-stretch align-items-stretch gutters-col-lg-2 gutters-col-md-2 gutters-col-0 gutters-col-v-lg-2 gutters-col-v-md-2 gutters-col-v-2\">\n          <!---->\n          <div class=\"h-column h-column-container d-flex h-col-lg-auto h-col-md-auto h-col-auto style-409-outer style-local-242-c6-outer\">\n            <div data-colibri-id=\"242-c6\" class=\"d-flex h-flex-basis h-column__inner h-px-lg-2 h-px-md-2 h-px-2 v-inner-lg-2 v-inner-md-2 v-inner-2 style-409 style-local-242-c6 position-relative\">\n              <!---->\n              <!---->\n              <div class=\"w-100 h-y-container h-column__content h-column__v-align flex-basis-100 align-self-lg-center align-self-md-center align-self-center\">\n                <!---->\n                <div data-colibri-id=\"242-c9\" class=\"h-lead h-text h-text-component style-412 style-local-242-c9 position-relative h-element\">\n                  <!---->\n                  <!---->\n                  <div class=\"\">\n                    <p><span style=\"font-weight: 400; color: rgb(0, 0, 0);\">\u00a1Bienvenidos a nuestra fundaci\u00f3n! Es un honor para m\u00ed compartir contigo nuestra pasi\u00f3n por promover un cambio cultural hacia un consumo de alcohol m\u00e1s responsable. Juntos, podemos transformar nuestra sociedad y construir un futuro m\u00e1s seguro y saludable para todos. Gracias por unirte a esta misi\u00f3n.<\/span><\/p>\n                  <\/div>\n                <\/div>\n              <\/div>\n            <\/div>\n          <\/div>\n          <div class=\"h-column h-column-container d-flex h-col-lg-auto h-col-md-auto h-col-auto style-410-outer style-local-242-c7-outer\">\n            <div data-colibri-id=\"242-c7\" class=\"d-flex h-flex-basis h-column__inner h-px-lg-2 h-px-md-2 h-px-2 v-inner-lg-2 v-inner-md-2 v-inner-2 style-410 style-local-242-c7 position-relative\">\n              <!---->\n              <!---->\n              <div class=\"w-100 h-y-container h-column__content h-column__v-align flex-basis-100 align-self-lg-start align-self-md-start align-self-start\">\n                <!---->\n                <div data-colibri-id=\"242-c8\" class=\"d-block style-411 style-local-242-c8 position-relative h-element\">\n                  <!---->\n                  <div class=\"h-image__frame-container-outer\">\n                    <div class=\"h-image__frame-container\">\n                      <!---->\n                      <!---->\n                      <img fetchpriority=\"high\" decoding=\"async\" width=\"800\" height=\"800\" src=\"http:\/\/ads-improvement.com\/wp-content\/uploads\/2023\/08\/cropped-image-9.png\" class=\"wp-image-257 style-411-image style-local-242-c8-image\" alt=\"\" srcset=\"https:\/\/ads-improvement.com\/wp-content\/uploads\/2023\/08\/cropped-image-9.png 800w, https:\/\/ads-improvement.com\/wp-content\/uploads\/2023\/08\/cropped-image-9-300x300.png 300w, https:\/\/ads-improvement.com\/wp-content\/uploads\/2023\/08\/cropped-image-9-150x150.png 150w, https:\/\/ads-improvement.com\/wp-content\/uploads\/2023\/08\/cropped-image-9-768x768.png 768w\" sizes=\"(max-width: 800px) 100vw, 800px\" \/>\n                      <div class=\"h-image__frame h-hide-lg h-hide-md h-hide-sm style-411-frameImage style-local-242-c8-frameImage\"><\/div>\n                    <\/div>\n                  <\/div>\n                <\/div>\n                <div data-colibri-id=\"242-c12\" class=\"h-text h-text-component style-415 style-local-242-c12 position-relative h-element\">\n                  <!---->\n                  <!---->\n                  <div class=\"\">\n                    <p>Jessica Paredes\n                      <br>Directora general de FISAC<\/p>\n                  <\/div>\n                <\/div>\n              <\/div>\n            <\/div>\n          <\/div>\n        <\/div>\n      <\/div>\n    <\/div>\n  <\/div>\n  <div data-colibri-component=\"section\" data-colibri-id=\"242-c13\" id=\"clients\" class=\"h-section h-section-global-spacing d-flex align-items-lg-center align-items-md-center align-items-center style-416 style-local-242-c13 position-relative\">\n    <!---->\n    <!---->\n    <div class=\"h-section-grid-container h-section-boxed-container\">\n      <div data-colibri-id=\"242-c23\" class=\"h-row-container gutters-row-lg-2 gutters-row-md-2 gutters-row-0 gutters-row-v-lg-2 gutters-row-v-md-2 gutters-row-v-2 style-420 style-local-242-c23 position-relative\">\n        <!---->\n        <div class=\"h-row justify-content-lg-center justify-content-md-center justify-content-center align-items-lg-stretch align-items-md-stretch align-items-stretch gutters-col-lg-2 gutters-col-md-2 gutters-col-0 gutters-col-v-lg-2 gutters-col-v-md-2 gutters-col-v-2\">\n          <!---->\n          <div class=\"h-column h-column-container d-flex h-col-lg-auto h-col-md-auto h-col-auto style-421-outer style-local-242-c24-outer\">\n            <div data-colibri-id=\"242-c24\" class=\"d-flex h-flex-basis h-column__inner h-px-lg-2 h-px-md-2 h-px-2 v-inner-lg-2 v-inner-md-2 v-inner-2 style-421 style-local-242-c24 position-relative\">\n              <!---->\n              <!---->\n              <div class=\"w-100 h-y-container h-column__content h-column__v-align flex-basis-100 align-self-lg-start align-self-md-start align-self-start\">\n                <!---->\n                <div data-colibri-id=\"242-c25\" class=\"h-global-transition-all h-heading style-422 style-local-242-c25 position-relative h-element\">\n                  <!---->\n                  <div class=\"h-heading__outer style-422 style-local-242-c25\">\n                    <!---->\n                    <!---->\n                    <h2 class=\"\">\u00bfQui\u00e9nes somos?<\/h2>\n                  <\/div>\n                <\/div>\n                <div data-colibri-id=\"242-c26\" class=\"h-lead h-text h-text-component style-423 style-local-242-c26 position-relative h-element\">\n                  <!---->\n                  <!---->\n                  <div class=\"\">\n                    <p><span style=\"font-weight: 400; color: rgb(0, 0, 0);\">La Fundaci\u00f3n de Investigaciones Sociales, A.C. (FISAC) es una asociaci\u00f3n civil, creada en 1981 con el objetivo de contribuir a la prevenci\u00f3n del uso nocivo del alcohol en M\u00e9xico.<\/span><\/p>\n                  <\/div>\n                <\/div>\n              <\/div>\n            <\/div>\n          <\/div>\n        <\/div>\n      <\/div>\n      <div data-colibri-id=\"242-c14\" class=\"h-row-container gutters-row-lg-2 gutters-row-md-2 gutters-row-0 gutters-row-v-lg-2 gutters-row-v-md-2 gutters-row-v-2 style-417 style-local-242-c14 position-relative\">\n        <!---->\n        <div class=\"h-row justify-content-lg-center justify-content-md-center justify-content-center align-items-lg-stretch align-items-md-stretch align-items-stretch gutters-col-lg-2 gutters-col-md-2 gutters-col-0 gutters-col-v-lg-2 gutters-col-v-md-2 gutters-col-v-2\">\n          <!---->\n          <div class=\"h-column h-column-container d-flex h-col-lg-3 h-col-md-3 h-col-6 style-418-outer style-local-242-c15-outer\">\n            <div data-colibri-id=\"242-c15\" class=\"d-flex h-flex-basis h-column__inner h-px-lg-0 h-px-md-0 h-px-2 v-inner-lg-0 v-inner-md-0 v-inner-2 style-418 style-local-242-c15 position-relative\">\n              <!---->\n              <!---->\n              <div class=\"w-100 h-y-container h-column__content h-column__v-align flex-basis-100 align-self-lg-center align-self-md-center align-self-center\">\n                <!---->\n                <div data-colibri-id=\"242-c16\" class=\"d-block style-419 style-local-242-c16 position-relative h-element\">\n                  <!---->\n                  <div class=\"h-image__frame-container-outer\">\n                    <div class=\"h-image__frame-container\">\n                      <!---->\n                      <!---->\n                      <img decoding=\"async\" src=\"http:\/\/ads-improvement.com\/wp-content\/uploads\/2023\/08\/colibri-image-61.png\" class=\"wp-image-174 style-419-image style-local-242-c16-image\" alt=\"\" \/>\n                      <div class=\"h-image__frame h-hide-lg h-hide-md h-hide-sm style-419-frameImage style-local-242-c16-frameImage\"><\/div>\n                    <\/div>\n                  <\/div>\n                <\/div>\n              <\/div>\n            <\/div>\n          <\/div>\n          <div class=\"h-column h-column-container d-flex h-col-lg-3 h-col-md-3 h-col-6 style-418-outer style-local-242-c17-outer\">\n            <div data-colibri-id=\"242-c17\" class=\"d-flex h-flex-basis h-column__inner h-px-lg-0 h-px-md-0 h-px-2 v-inner-lg-0 v-inner-md-0 v-inner-2 style-418 style-local-242-c17 position-relative\">\n              <!---->\n              <!---->\n              <div class=\"w-100 h-y-container h-column__content h-column__v-align flex-basis-100 align-self-lg-center align-self-md-center align-self-center\">\n                <!---->\n                <div data-colibri-id=\"242-c18\" class=\"d-block style-419 style-local-242-c18 position-relative h-element\">\n                  <!---->\n                  <div class=\"h-image__frame-container-outer\">\n                    <div class=\"h-image__frame-container\">\n                      <!---->\n                      <!---->\n                      <img decoding=\"async\" src=\"http:\/\/ads-improvement.com\/wp-content\/uploads\/2023\/08\/colibri-image-62.png\" class=\"wp-image-175 style-419-image style-local-242-c18-image\" alt=\"\" \/>\n                      <div class=\"h-image__frame h-hide-lg h-hide-md h-hide-sm style-419-frameImage style-local-242-c18-frameImage\"><\/div>\n                    <\/div>\n                  <\/div>\n                <\/div>\n              <\/div>\n            <\/div>\n          <\/div>\n          <div class=\"h-column h-column-container d-flex h-col-lg-3 h-col-md-3 h-col-6 style-418-outer style-local-242-c19-outer\">\n            <div data-colibri-id=\"242-c19\" class=\"d-flex h-flex-basis h-column__inner h-px-lg-0 h-px-md-0 h-px-2 v-inner-lg-0 v-inner-md-0 v-inner-2 style-418 style-local-242-c19 position-relative\">\n              <!---->\n              <!---->\n              <div class=\"w-100 h-y-container h-column__content h-column__v-align flex-basis-100 align-self-lg-center align-self-md-center align-self-center\">\n                <!---->\n                <div data-colibri-id=\"242-c20\" class=\"d-block style-419 style-local-242-c20 position-relative h-element\">\n                  <!---->\n                  <div class=\"h-image__frame-container-outer\">\n                    <div class=\"h-image__frame-container\">\n                      <!---->\n                      <!---->\n                      <img decoding=\"async\" src=\"http:\/\/ads-improvement.com\/wp-content\/uploads\/2023\/08\/colibri-image-63.png\" class=\"wp-image-176 style-419-image style-local-242-c20-image\" alt=\"\" \/>\n                      <div class=\"h-image__frame h-hide-lg h-hide-md h-hide-sm style-419-frameImage style-local-242-c20-frameImage\"><\/div>\n                    <\/div>\n                  <\/div>\n                <\/div>\n              <\/div>\n            <\/div>\n          <\/div>\n          <div class=\"h-column h-column-container d-flex h-col-lg-3 h-col-md-3 h-col-6 style-418-outer style-local-242-c21-outer\">\n            <div data-colibri-id=\"242-c21\" class=\"d-flex h-flex-basis h-column__inner h-px-lg-0 h-px-md-0 h-px-2 v-inner-lg-0 v-inner-md-0 v-inner-2 style-418 style-local-242-c21 position-relative\">\n              <!---->\n              <!---->\n              <div class=\"w-100 h-y-container h-column__content h-column__v-align flex-basis-100 align-self-lg-center align-self-md-center align-self-center\">\n                <!---->\n                <div data-colibri-id=\"242-c22\" class=\"d-block style-419 style-local-242-c22 position-relative h-element\">\n                  <!---->\n                  <div class=\"h-image__frame-container-outer\">\n                    <div class=\"h-image__frame-container\">\n                      <!---->\n                      <!---->\n                      <img decoding=\"async\" src=\"http:\/\/ads-improvement.com\/wp-content\/uploads\/2023\/08\/colibri-image-64.png\" class=\"wp-image-177 style-419-image style-local-242-c22-image\" alt=\"\" \/>\n                      <div class=\"h-image__frame h-hide-lg h-hide-md h-hide-sm style-419-frameImage style-local-242-c22-frameImage\"><\/div>\n                    <\/div>\n                  <\/div>\n                <\/div>\n              <\/div>\n            <\/div>\n          <\/div>\n        <\/div>\n      <\/div>\n    <\/div>\n  <\/div>\n<\/div>","protected":false},"excerpt":{"rendered":"<p>\u00a1Bienvenidos a nuestra fundaci\u00f3n! Es un honor para m\u00ed compartir contigo nuestra pasi\u00f3n por promover un cambio cultural hacia un consumo de alcohol m\u00e1s responsable. Juntos, podemos transformar nuestra sociedad y construir un futuro m\u00e1s seguro y saludable para todos. Gracias por unirte a esta misi\u00f3n. Jessica Paredes Directora general de FISAC \u00bfQui\u00e9nes somos? La [&hellip;]<\/p>\n","protected":false},"author":2,"featured_media":0,"parent":0,"menu_order":0,"comment_status":"closed","ping_status":"closed","template":"page-templates\/full-width-page.php","meta":{"om_disable_all_campaigns":false,"_monsterinsights_skip_tracking":false,"_monsterinsights_sitenote_active":false,"_monsterinsights_sitenote_note":"","_monsterinsights_sitenote_category":0,"_uf_show_specific_survey":0,"_uf_disable_surveys":false,"footnotes":""},"aioseo_notices":[],"_links":{"self":[{"href":"https:\/\/ads-improvement.com\/index.php\/wp-json\/wp\/v2\/pages\/242"}],"collection":[{"href":"https:\/\/ads-improvement.com\/index.php\/wp-json\/wp\/v2\/pages"}],"about":[{"href":"https:\/\/ads-improvement.com\/index.php\/wp-json\/wp\/v2\/types\/page"}],"author":[{"embeddable":true,"href":"https:\/\/ads-improvement.com\/index.php\/wp-json\/wp\/v2\/users\/2"}],"replies":[{"embeddable":true,"href":"https:\/\/ads-improvement.com\/index.php\/wp-json\/wp\/v2\/comments?post=242"}],"version-history":[{"count":3,"href":"https:\/\/ads-improvement.com\/index.php\/wp-json\/wp\/v2\/pages\/242\/revisions"}],"predecessor-version":[{"id":267,"href":"https:\/\/ads-improvement.com\/index.php\/wp-json\/wp\/v2\/pages\/242\/revisions\/267"}],"wp:attachment":[{"href":"https:\/\/ads-improvement.com\/index.php\/wp-json\/wp\/v2\/media?parent=242"}],"curies":[{"name":"wp","href":"https:\/\/api.w.org\/{rel}","templated":true}]}}